{"id":78,"date":"2021-06-09T18:20:50","date_gmt":"2021-06-09T18:20:50","guid":{"rendered":"http:\/\/www.conalepfresnillo.edu.mx\/clone\/?page_id=78"},"modified":"2021-09-04T03:19:03","modified_gmt":"2021-09-04T03:19:03","slug":"home","status":"publish","type":"page","link":"http:\/\/www.conalepfresnillo.edu.mx\/clone\/","title":{"rendered":"Home"},"content":{"rendered":"<p>[et_pb_section fb_built=\u00bb1&#8243; fullwidth=\u00bbon\u00bb _builder_version=\u00bb4.9.5&#8243; _module_preset=\u00bbdefault\u00bb global_colors_info=\u00bb{}\u00bb][et_pb_fullwidth_slider _builder_version=\u00bb4.9.5&#8243; _module_preset=\u00bbdefault\u00bb background_color=\u00bb#74f96d\u00bb custom_margin=\u00bb||||false|false\u00bb custom_padding=\u00bb0px||1%||false|false\u00bb animation_style=\u00bbfade\u00bb auto=\u00bbon\u00bb auto_speed=\u00bb6000&#8243; global_colors_info=\u00bb{}\u00bb][et_pb_slide heading=\u00bbAviso | INICIO CICLO ESCOLAR\u00bb button_link=\u00bbhttp:\/\/www.conalepfresnillo.edu.mx\/clone\/inicio-ciclo-escolar\/\u00bb _builder_version=\u00bb4.9.5&#8243; _module_preset=\u00bbdefault\u00bb header_text_color=\u00bb#FFFFFF\u00bb body_text_color=\u00bb#FFFFFF\u00bb background_color=\u00bb#f73f43&#8243; background_enable_color=\u00bbon\u00bb background_enable_image=\u00bboff\u00bb global_colors_info=\u00bb{}\u00bb sticky_transition=\u00bbon\u00bb][\/et_pb_slide][et_pb_slide heading=\u00bbCURSO| Microsoft Teams: el regreso a clases\u00bb button_link=\u00bbhttp:\/\/www.conalepfresnillo.edu.mx\/clone\/microsoft-365-y-microsoft-teams-curso\/\u00bb _builder_version=\u00bb4.9.5&#8243; _module_preset=\u00bbdefault\u00bb header_text_color=\u00bb#FFFFFF\u00bb body_text_color=\u00bb#FFFFFF\u00bb background_color=\u00bb#231e44&#8243; background_enable_color=\u00bbon\u00bb background_enable_image=\u00bboff\u00bb global_colors_info=\u00bb{}\u00bb sticky_transition=\u00bbon\u00bb][\/et_pb_slide][et_pb_slide heading=\u00bbAviso | INICIO CICLO ESCOLAR\u00bb button_link=\u00bbhttp:\/\/www.conalepfresnillo.edu.mx\/clone\/inicio-ciclo-escolar\/\u00bb _builder_version=\u00bb4.9.5&#8243; _module_preset=\u00bbdefault\u00bb header_text_color=\u00bb#FFFFFF\u00bb body_text_color=\u00bb#FFFFFF\u00bb background_color=\u00bb#f73f43&#8243; background_enable_color=\u00bbon\u00bb background_enable_image=\u00bboff\u00bb global_colors_info=\u00bb{}\u00bb sticky_transition=\u00bbon\u00bb][\/et_pb_slide][et_pb_slide heading=\u00bbAviso | Evaluaci\u00f3n Diagn\u00f3stica Alumnos Nuevo Ingreso\u00bb button_link=\u00bbhttp:\/\/www.conalepfresnillo.edu.mx\/clone\/aviso-evaluacion-diagnostica-alumnos-nuevo-ingreso\/\u00bb _builder_version=\u00bb4.9.5&#8243; _module_preset=\u00bbdefault\u00bb header_text_color=\u00bb#000000&#8243; body_text_color=\u00bb#E02B20&#8243; background_color=\u00bbRGBA(0,0,0,0)\u00bb background_enable_color=\u00bbon\u00bb background_image=\u00bbhttp:\/\/www.conalepfresnillo.edu.mx\/clone\/wp-content\/uploads\/2021\/08\/Fondo_Slide_Cona.png\u00bb background_enable_image=\u00bbon\u00bb global_colors_info=\u00bb{}\u00bb sticky_transition=\u00bbon\u00bb][\/et_pb_slide][et_pb_slide heading=\u00bbReglamento Escolar Alumnos\u00bb button_link=\u00bbhttp:\/\/www.conalepfresnillo.edu.mx\/clone\/reglamento-escolar-alumno-conalep\/\u00bb _builder_version=\u00bb4.9.5&#8243; _module_preset=\u00bbdefault\u00bb header_text_color=\u00bb#000000&#8243; body_text_color=\u00bb#E02B20&#8243; background_color=\u00bbRGBA(0,0,0,0)\u00bb background_enable_color=\u00bbon\u00bb background_image=\u00bbhttp:\/\/www.conalepfresnillo.edu.mx\/clone\/wp-content\/uploads\/2021\/08\/Fondo_Slide_Cona.png\u00bb background_enable_image=\u00bbon\u00bb global_colors_info=\u00bb{}\u00bb sticky_transition=\u00bbon\u00bb][\/et_pb_slide][\/et_pb_fullwidth_slider][\/et_pb_section][et_pb_section fb_built=\u00bb1&#8243; use_custom_gutter=\u00bbon\u00bb gutter_width=\u00bb1&#8243; specialty=\u00bbon\u00bb padding_top_bottom_link_1=\u00bbfalse\u00bb padding_left_right_link_1=\u00bbfalse\u00bb padding_top_1=\u00bb0px\u00bb admin_label=\u00bbHeader\u00bb _builder_version=\u00bb3.29.1&#8243; inner_width=\u00bb100%\u00bb inner_max_width=\u00bbnone\u00bb custom_padding=\u00bb4px|4px|4px|4px|true|true\u00bb global_colors_info=\u00bb{}\u00bb][et_pb_column type=\u00bb1_2&#8243; _builder_version=\u00bb3.25&#8243; custom_padding=\u00bb|||\u00bb global_colors_info=\u00bb{}\u00bb custom_padding__hover=\u00bb|||\u00bb][et_pb_post_slider posts_number=\u00bb1&#8243; include_categories=\u00bb10&#8243; show_arrows=\u00bboff\u00bb show_pagination=\u00bboff\u00bb show_more_button=\u00bboff\u00bb use_manual_excerpt=\u00bboff\u00bb excerpt_length=\u00bb0&#8243; show_meta=\u00bboff\u00bb bg_overlay_color=\u00bbrgba(197,224,220,0.77)\u00bb use_text_overlay=\u00bbon\u00bb text_border_radius=\u00bb0px\u00bb _builder_version=\u00bb4.9.2&#8243; header_font=\u00bbCardo|700|||||||\u00bb text_orientation=\u00bbleft\u00bb background_layout=\u00bblight\u00bb custom_padding=\u00bb273px|0px|32px|0px|false|true\u00bb custom_padding_tablet=\u00bb100px||||false|true\u00bb custom_padding_phone=\u00bb32px||32px||true|false\u00bb custom_padding_last_edited=\u00bbon|phone\u00bb header_text_shadow_style=\u00bbpreset3&#8243; header_text_shadow_color=\u00bbrgba(0,0,0,0)\u00bb body_text_shadow_style=\u00bbpreset3&#8243; body_text_shadow_color=\u00bbrgba(0,0,0,0)\u00bb border_width_all=\u00bb5px\u00bb border_color_all=\u00bb#ffffff\u00bb global_colors_info=\u00bb{}\u00bb bg_overlay_color__hover_enabled=\u00bbon|hover\u00bb bg_overlay_color__hover=\u00bbrgba(197,224,220,0.91)\u00bb][\/et_pb_post_slider][\/et_pb_column][et_pb_column type=\u00bb1_2&#8243; specialty_columns=\u00bb2&#8243; _builder_version=\u00bb3.25&#8243; custom_padding=\u00bb|||\u00bb global_colors_info=\u00bb{}\u00bb custom_padding__hover=\u00bb|||\u00bb][et_pb_row_inner _builder_version=\u00bb3.29.1&#8243; custom_padding=\u00bb0px||1px|||\u00bb global_colors_info=\u00bb{}\u00bb][et_pb_column_inner saved_specialty_column_type=\u00bb1_2&#8243; _builder_version=\u00bb3.29.1&#8243; global_colors_info=\u00bb{}\u00bb][et_pb_post_slider posts_number=\u00bb1&#8243; include_categories=\u00bb9&#8243; show_arrows=\u00bboff\u00bb show_pagination=\u00bboff\u00bb show_more_button=\u00bboff\u00bb use_manual_excerpt=\u00bboff\u00bb excerpt_length=\u00bb0&#8243; show_meta=\u00bboff\u00bb bg_overlay_color=\u00bbrgba(0,0,0,0.4)\u00bb _builder_version=\u00bb4.9.2&#8243; header_font=\u00bbCardo|700|||||||\u00bb text_orientation=\u00bbleft\u00bb custom_padding=\u00bb142px|0px|32px|0px|false|true\u00bb custom_padding_tablet=\u00bb100px||||false|true\u00bb custom_padding_phone=\u00bb32px||32px||true|false\u00bb custom_padding_last_edited=\u00bbon|tablet\u00bb header_text_shadow_style=\u00bbpreset3&#8243; header_text_shadow_color=\u00bbrgba(0,0,0,0)\u00bb body_text_shadow_style=\u00bbpreset3&#8243; body_text_shadow_color=\u00bbrgba(0,0,0,0)\u00bb border_width_all=\u00bb5px\u00bb border_color_all=\u00bb#ffffff\u00bb locked=\u00bboff\u00bb global_colors_info=\u00bb{}\u00bb bg_overlay_color__hover=\u00bbrgba(0,0,0,0.6)\u00bb bg_overlay_color__hover_enabled=\u00bbon|hover\u00bb][\/et_pb_post_slider][\/et_pb_column_inner][\/et_pb_row_inner][et_pb_row_inner column_structure=\u00bb1_2,1_2&#8243; _builder_version=\u00bb3.29.1&#8243; custom_padding=\u00bb0px|||||\u00bb global_colors_info=\u00bb{}\u00bb][et_pb_column_inner type=\u00bb1_2&#8243; saved_specialty_column_type=\u00bb1_2&#8243; _builder_version=\u00bb3.29.1&#8243; global_colors_info=\u00bb{}\u00bb][et_pb_post_slider posts_number=\u00bb1&#8243; include_categories=\u00bb4&#8243; show_arrows=\u00bboff\u00bb show_pagination=\u00bboff\u00bb show_more_button=\u00bboff\u00bb use_manual_excerpt=\u00bboff\u00bb excerpt_length=\u00bb100&#8243; show_meta=\u00bboff\u00bb bg_overlay_color=\u00bbrgba(0,0,0,0.77)\u00bb _builder_version=\u00bb4.9.2&#8243; header_font=\u00bbCardo|700|||||||\u00bb header_font_size=\u00bb18px\u00bb text_orientation=\u00bbleft\u00bb custom_padding=\u00bb|0px|32px|0px|false|true\u00bb custom_padding_tablet=\u00bb|||||false\u00bb custom_padding_phone=\u00bb32px||32px||false|false\u00bb custom_padding_last_edited=\u00bbon|desktop\u00bb header_text_shadow_style=\u00bbpreset3&#8243; header_text_shadow_color=\u00bbrgba(0,0,0,0)\u00bb body_text_shadow_style=\u00bbpreset3&#8243; body_text_shadow_color=\u00bbrgba(0,0,0,0)\u00bb border_width_all=\u00bb5px\u00bb border_color_all=\u00bb#ffffff\u00bb locked=\u00bboff\u00bb global_colors_info=\u00bb{}\u00bb bg_overlay_color__hover=\u00bbrgba(0,0,0,0.6)\u00bb bg_overlay_color__hover_enabled=\u00bbon|hover\u00bb][\/et_pb_post_slider][\/et_pb_column_inner][et_pb_column_inner type=\u00bb1_2&#8243; saved_specialty_column_type=\u00bb1_2&#8243; _builder_version=\u00bb3.29.1&#8243; global_colors_info=\u00bb{}\u00bb][et_pb_post_slider posts_number=\u00bb1&#8243; include_categories=\u00bb5&#8243; show_arrows=\u00bboff\u00bb show_pagination=\u00bboff\u00bb show_more_button=\u00bboff\u00bb use_manual_excerpt=\u00bboff\u00bb excerpt_length=\u00bb0&#8243; show_meta=\u00bboff\u00bb bg_overlay_color=\u00bbrgba(235,235,235,0.87)\u00bb _builder_version=\u00bb4.9.5&#8243; header_font=\u00bbCardo|700|||||||\u00bb header_font_size=\u00bb18px\u00bb text_orientation=\u00bbleft\u00bb background_layout=\u00bblight\u00bb custom_padding=\u00bb|0px|32px|0px|false|true\u00bb custom_padding_tablet=\u00bb\u00bb custom_padding_phone=\u00bb32px||||false|true\u00bb custom_padding_last_edited=\u00bbon|phone\u00bb header_text_shadow_style=\u00bbpreset3&#8243; header_text_shadow_color=\u00bbrgba(0,0,0,0)\u00bb body_text_shadow_style=\u00bbpreset3&#8243; body_text_shadow_color=\u00bbrgba(0,0,0,0)\u00bb border_width_all=\u00bb5px\u00bb border_color_all=\u00bb#ffffff\u00bb locked=\u00bboff\u00bb global_colors_info=\u00bb{}\u00bb bg_overlay_color__hover=\u00bbrgba(255,255,255,0.21)\u00bb bg_overlay_color__hover_enabled=\u00bbon|hover\u00bb][\/et_pb_post_slider][\/et_pb_column_inner][\/et_pb_row_inner][\/et_pb_column][\/et_pb_section][et_pb_section fb_built=\u00bb1&#8243; fullwidth=\u00bbon\u00bb _builder_version=\u00bb4.9.2&#8243; _module_preset=\u00bbdefault\u00bb global_colors_info=\u00bb{}\u00bb][et_pb_fullwidth_image src=\u00bbhttp:\/\/www.conalepfresnillo.edu.mx\/clone\/wp-content\/uploads\/2021\/06\/banner_conalep_1.jpeg\u00bb title_text=\u00bbImprimir\u00bb _builder_version=\u00bb4.9.2&#8243; _module_preset=\u00bbdefault\u00bb global_colors_info=\u00bb{}\u00bb][\/et_pb_fullwidth_image][\/et_pb_section][et_pb_section fb_built=\u00bb1&#8243; admin_label=\u00bbOferta Educativa\u00bb _builder_version=\u00bb4.10.5&#8243; hover_enabled=\u00bb0&#8243; locked=\u00bboff\u00bb global_colors_info=\u00bb{}\u00bb sticky_enabled=\u00bb0&#8243;][et_pb_row _builder_version=\u00bb4.9.5&#8243; custom_margin=\u00bb-30px||||false|false\u00bb custom_margin_tablet=\u00bb\u00bb custom_margin_phone=\u00bb-71px||||false|false\u00bb custom_margin_last_edited=\u00bbon|desktop\u00bb custom_padding=\u00bb||0px||false|false\u00bb locked=\u00bboff\u00bb global_colors_info=\u00bb{}\u00bb][et_pb_column type=\u00bb4_4&#8243; _builder_version=\u00bb3.26.6&#8243; global_colors_info=\u00bb{}\u00bb][et_pb_text _builder_version=\u00bb4.9.2&#8243; header_2_font=\u00bbMontserrat|700|||||||\u00bb header_2_text_color=\u00bb#000000&#8243; header_2_font_size=\u00bb70px\u00bb header_2_line_height=\u00bb1.2em\u00bb z_index=\u00bb2&#8243; max_width=\u00bb750px\u00bb header_2_font_size_tablet=\u00bb48px\u00bb header_2_font_size_phone=\u00bb36px\u00bb header_2_font_size_last_edited=\u00bbon|desktop\u00bb global_colors_info=\u00bb{}\u00bb]<\/p>\n<h2>Carreras<\/h2>\n<p>[\/et_pb_text][et_pb_text _builder_version=\u00bb4.9.2&#8243; text_font=\u00bbCardo|700|||||||\u00bb text_text_color=\u00bbrgba(0,0,0,0.03)\u00bb text_font_size=\u00bb150px\u00bb text_line_height=\u00bb1em\u00bb custom_margin=\u00bb-0.8em|||-0.8em|false|false\u00bb custom_margin_tablet=\u00bb-100px||||false|false\u00bb custom_margin_phone=\u00bb-80px|||-60px|false|false\u00bb custom_margin_last_edited=\u00bbon|desktop\u00bb text_font_size_tablet=\u00bb100px\u00bb text_font_size_phone=\u00bb60px\u00bb text_font_size_last_edited=\u00bbon|desktop\u00bb global_colors_info=\u00bb{}\u00bb]<\/p>\n<p>Conalep<\/p>\n<p>[\/et_pb_text][\/et_pb_column][\/et_pb_row][et_pb_row column_structure=\u00bb1_4,1_4,1_4,1_4&#8243; use_custom_gutter=\u00bbon\u00bb gutter_width=\u00bb2&#8243; admin_label=\u00bbFila\u00bb _builder_version=\u00bb3.27.3&#8243; locked=\u00bboff\u00bb global_colors_info=\u00bb{}\u00bb][et_pb_column type=\u00bb1_4&#8243; _builder_version=\u00bb3.27.3&#8243; global_colors_info=\u00bb{}\u00bb][et_pb_text _builder_version=\u00bb4.9.5&#8243; header_6_font=\u00bb|700||on|||||\u00bb header_6_font_size=\u00bb11px\u00bb header_6_letter_spacing=\u00bb2px\u00bb header_6_line_height=\u00bb1.8em\u00bb background_color=\u00bbrgba(0,0,0,0.06)\u00bb custom_padding=\u00bb12px|16px|4px|16px|false|true\u00bb link_option_url=\u00bbhttp:\/\/www.conalepfresnillo.edu.mx\/clone\/motores-a-diesel\/\u00bb border_color_all=\u00bb#007a61&#8243; border_width_left=\u00bb8px\u00bb locked=\u00bboff\u00bb global_colors_info=\u00bb{}\u00bb border_width_left__hover_enabled=\u00bbon|hover\u00bb border_width_left__hover=\u00bb12px\u00bb]<\/p>\n<h6>Motores a Diesel<\/h6>\n<p>[\/et_pb_text][\/et_pb_column][et_pb_column type=\u00bb1_4&#8243; _builder_version=\u00bb3.27.3&#8243; global_colors_info=\u00bb{}\u00bb][et_pb_text _builder_version=\u00bb4.9.5&#8243; header_6_font=\u00bb|700||on|||||\u00bb header_6_font_size=\u00bb11px\u00bb header_6_letter_spacing=\u00bb2px\u00bb header_6_line_height=\u00bb1.8em\u00bb background_color=\u00bbrgba(0,0,0,0.06)\u00bb custom_padding=\u00bb12px|16px|4px|16px|false|true\u00bb link_option_url=\u00bbhttp:\/\/www.conalepfresnillo.edu.mx\/clone\/electromecanica-industrial\/\u00bb border_color_all=\u00bb#007a61&#8243; border_width_left=\u00bb8px\u00bb locked=\u00bboff\u00bb global_colors_info=\u00bb{}\u00bb border_width_left__hover_enabled=\u00bbon|hover\u00bb border_width_left__hover=\u00bb12px\u00bb]<\/p>\n<h6>Electromec\u00e1nica Industrial<\/h6>\n<p>[\/et_pb_text][\/et_pb_column][et_pb_column type=\u00bb1_4&#8243; _builder_version=\u00bb3.27.3&#8243; global_colors_info=\u00bb{}\u00bb][et_pb_text _builder_version=\u00bb4.9.5&#8243; header_6_font=\u00bb|700||on|||||\u00bb header_6_font_size=\u00bb11px\u00bb header_6_letter_spacing=\u00bb2px\u00bb header_6_line_height=\u00bb1.8em\u00bb background_color=\u00bbrgba(0,0,0,0.06)\u00bb custom_padding=\u00bb12px|16px|4px|16px|false|true\u00bb link_option_url=\u00bbhttp:\/\/www.conalepfresnillo.edu.mx\/clone\/contabilidad\/\u00bb border_color_all=\u00bb#007a61&#8243; border_width_left=\u00bb8px\u00bb locked=\u00bboff\u00bb global_colors_info=\u00bb{}\u00bb border_width_left__hover_enabled=\u00bbon|hover\u00bb border_width_left__hover=\u00bb12px\u00bb]<\/p>\n<h6>Contabilidad<\/h6>\n<p>[\/et_pb_text][\/et_pb_column][et_pb_column type=\u00bb1_4&#8243; _builder_version=\u00bb3.27.3&#8243; global_colors_info=\u00bb{}\u00bb][et_pb_text _builder_version=\u00bb4.9.5&#8243; header_6_font=\u00bb|700||on|||||\u00bb header_6_font_size=\u00bb11px\u00bb header_6_letter_spacing=\u00bb2px\u00bb header_6_line_height=\u00bb1.8em\u00bb background_color=\u00bbrgba(0,0,0,0.06)\u00bb custom_padding=\u00bb12px|16px|4px|16px|false|true\u00bb link_option_url=\u00bbhttp:\/\/www.conalepfresnillo.edu.mx\/clone\/autotronica\u00bb border_color_all=\u00bb#007a61&#8243; border_width_left=\u00bb8px\u00bb locked=\u00bboff\u00bb global_colors_info=\u00bb{}\u00bb border_width_left__hover_enabled=\u00bbon|hover\u00bb border_width_left__hover=\u00bb12px\u00bb]<\/p>\n<h6>Autotr\u00f3nica<\/h6>\n<p>[\/et_pb_text][\/et_pb_column][\/et_pb_row][\/et_pb_section][et_pb_section fb_built=\u00bb1&#8243; admin_label=\u00bbTrending\u00bb _builder_version=\u00bb3.29.1&#8243; global_colors_info=\u00bb{}\u00bb][et_pb_row _builder_version=\u00bb3.26.6&#8243; global_colors_info=\u00bb{}\u00bb][et_pb_column type=\u00bb4_4&#8243; _builder_version=\u00bb3.26.6&#8243; global_colors_info=\u00bb{}\u00bb][et_pb_text _builder_version=\u00bb4.9.2&#8243; header_2_font=\u00bbMontserrat|700|||||||\u00bb header_2_text_color=\u00bb#000000&#8243; header_2_font_size=\u00bb70px\u00bb header_2_line_height=\u00bb1.2em\u00bb z_index=\u00bb2&#8243; max_width=\u00bb750px\u00bb header_2_font_size_tablet=\u00bb48px\u00bb header_2_font_size_phone=\u00bb36px\u00bb header_2_font_size_last_edited=\u00bbon|desktop\u00bb global_colors_info=\u00bb{}\u00bb]<\/p>\n<h2>Inf\u00f3rmate<\/h2>\n<p>[\/et_pb_text][et_pb_text admin_label=\u00bbTexto\u00bb _builder_version=\u00bb4.9.2&#8243; text_font=\u00bbCardo|700|||||||\u00bb text_text_color=\u00bbrgba(0,0,0,0.03)\u00bb text_font_size=\u00bb150px\u00bb text_line_height=\u00bb1em\u00bb custom_margin=\u00bb-0.8em|||-0.8em|false|false\u00bb custom_margin_tablet=\u00bb-100px||||false|false\u00bb custom_margin_phone=\u00bb-80px|||-60px|false|false\u00bb custom_margin_last_edited=\u00bbon|desktop\u00bb text_font_size_tablet=\u00bb100px\u00bb text_font_size_phone=\u00bb60px\u00bb text_font_size_last_edited=\u00bbon|desktop\u00bb global_colors_info=\u00bb{}\u00bb]<\/p>\n<p>Conalep<\/p>\n<p>[\/et_pb_text][\/et_pb_column][\/et_pb_row][et_pb_row column_structure=\u00bb2_3,1_3&#8243; use_custom_gutter=\u00bbon\u00bb gutter_width=\u00bb2&#8243; make_equal=\u00bbon\u00bb _builder_version=\u00bb4.10.5&#8243; custom_padding=\u00bb||0px|||\u00bb hover_enabled=\u00bb0&#8243; global_colors_info=\u00bb{}\u00bb sticky_enabled=\u00bb0&#8243;][et_pb_column type=\u00bb2_3&#8243; _builder_version=\u00bb3.29.1&#8243; global_colors_info=\u00bb{}\u00bb][et_pb_blog fullwidth=\u00bboff\u00bb posts_number=\u00bb4&#8243; include_categories=\u00bb65&#8243; show_author=\u00bboff\u00bb show_excerpt=\u00bboff\u00bb show_pagination=\u00bboff\u00bb _builder_version=\u00bb3.29.1&#8243; header_level=\u00bbh3&#8243; header_font=\u00bbCardo|700|||||||\u00bb header_font_size=\u00bb16px\u00bb header_line_height=\u00bb1.8em\u00bb meta_font_size=\u00bb12px\u00bb meta_line_height=\u00bb1.8em\u00bb border_width_all=\u00bb0px\u00bb global_colors_info=\u00bb{}\u00bb][\/et_pb_blog][\/et_pb_column][et_pb_column type=\u00bb1_3&#8243; _builder_version=\u00bb4.9.5&#8243; custom_padding=\u00bb|||30px|false|false\u00bb border_color_all=\u00bb#007a61&#8243; border_width_left=\u00bb8px\u00bb global_colors_info=\u00bb{}\u00bb][et_pb_blog posts_number=\u00bb4&#8243; include_categories=\u00bb72&#8243; show_thumbnail=\u00bboff\u00bb use_manual_excerpt=\u00bboff\u00bb excerpt_length=\u00bb80&#8243; show_author=\u00bboff\u00bb show_date=\u00bboff\u00bb show_pagination=\u00bboff\u00bb _builder_version=\u00bb3.29.1&#8243; header_level=\u00bbh3&#8243; header_font=\u00bbCardo|700|||||||\u00bb header_font_size=\u00bb16px\u00bb header_line_height=\u00bb1.8em\u00bb meta_font=\u00bb|700|||||||\u00bb meta_text_color=\u00bb#ffc077&#8243; meta_font_size=\u00bb12px\u00bb meta_line_height=\u00bb1.8em\u00bb border_width_all=\u00bb0px\u00bb locked=\u00bboff\u00bb global_colors_info=\u00bb{}\u00bb][\/et_pb_blog][\/et_pb_column][\/et_pb_row][\/et_pb_section]<\/p>\n","protected":false},"excerpt":{"rendered":"<p>CarrerasConalepMotores a DieselElectromec\u00e1nica IndustrialContabilidadAutotr\u00f3nicaInf\u00f3rmateConalep<\/p>\n","protected":false},"author":1,"featured_media":0,"parent":0,"menu_order":0,"comment_status":"closed","ping_status":"closed","template":"","meta":{"_et_pb_use_builder":"on","_et_pb_old_content":"","_et_gb_content_width":"","footnotes":""},"class_list":["post-78","page","type-page","status-publish","hentry"],"_links":{"self":[{"href":"http:\/\/www.conalepfresnillo.edu.mx\/clone\/wp-json\/wp\/v2\/pages\/78","targetHints":{"allow":["GET"]}}],"collection":[{"href":"http:\/\/www.conalepfresnillo.edu.mx\/clone\/wp-json\/wp\/v2\/pages"}],"about":[{"href":"http:\/\/www.conalepfresnillo.edu.mx\/clone\/wp-json\/wp\/v2\/types\/page"}],"author":[{"embeddable":true,"href":"http:\/\/www.conalepfresnillo.edu.mx\/clone\/wp-json\/wp\/v2\/users\/1"}],"replies":[{"embeddable":true,"href":"http:\/\/www.conalepfresnillo.edu.mx\/clone\/wp-json\/wp\/v2\/comments?post=78"}],"version-history":[{"count":60,"href":"http:\/\/www.conalepfresnillo.edu.mx\/clone\/wp-json\/wp\/v2\/pages\/78\/revisions"}],"predecessor-version":[{"id":1057,"href":"http:\/\/www.conalepfresnillo.edu.mx\/clone\/wp-json\/wp\/v2\/pages\/78\/revisions\/1057"}],"wp:attachment":[{"href":"http:\/\/www.conalepfresnillo.edu.mx\/clone\/wp-json\/wp\/v2\/media?parent=78"}],"curies":[{"name":"wp","href":"https:\/\/api.w.org\/{rel}","templated":true}]}}