{"id":803,"date":"2021-08-11T18:25:37","date_gmt":"2021-08-11T18:25:37","guid":{"rendered":"http:\/\/www.conalepfresnillo.edu.mx\/clone\/?page_id=803"},"modified":"2021-08-13T19:19:06","modified_gmt":"2021-08-13T19:19:06","slug":"pre-inscripciones-conalep-fresnillo","status":"publish","type":"page","link":"https:\/\/www.conalepfresnillo.edu.mx\/clone\/pre-inscripciones-conalep-fresnillo\/","title":{"rendered":"Pre inscripciones Conalep Fresnillo"},"content":{"rendered":"<p><a href=\"http:\/\/www.conalepfresnillo.edu.mx\/clone\/wp-content\/uploads\/2021\/06\/REGISTROCONA.jpg\"><img loading=\"lazy\" decoding=\"async\" class=\"alignnone size-full wp-image-148\" src=\"http:\/\/www.conalepfresnillo.edu.mx\/clone\/wp-content\/uploads\/2021\/06\/REGISTROCONA.jpg\" alt=\"\" width=\"720\" height=\"313\" srcset=\"http:\/\/www.conalepfresnillo.edu.mx\/clone\/wp-content\/uploads\/2021\/06\/REGISTROCONA.jpg 720w, http:\/\/www.conalepfresnillo.edu.mx\/clone\/wp-content\/uploads\/2021\/06\/REGISTROCONA-480x209.jpg 480w\" sizes=\"auto, (min-width: 0px) and (max-width: 480px) 480px, (min-width: 481px) 720px, 100vw\" \/><\/a><\/p>\n<p>[su_list icon=\u00bbicon: check\u00bb icon_color=\u00bb#37ff6d\u00bb]<\/p>\n<h3><strong>CARRERAS<\/strong><\/h3>\n<ul>\n<li>\n<h5>Profesional T\u00e9cnico Bachiller en Autotr\u00f3nica<\/h5>\n<\/li>\n<li>\n<h5>Profesional T\u00e9cnico Bachiller en\u00a0<a href=\"http:\/\/www.conalepfresnillo.edu.mx\/clone\/contabilidad\" target=\"_blank\" rel=\"noopener\">Contabilidad<\/a><\/h5>\n<\/li>\n<li>\n<h5>Profesional T\u00e9cnico Bachiller en Electromec\u00e1nica Industrial<\/h5>\n<\/li>\n<li>\n<h5>Profesional T\u00e9cnico Bachiller en Motores a Diesel<\/h5>\n<\/li>\n<\/ul>\n<p>[\/su_list]<\/p>\n<p>Al terminar, puedes estudiar y trabajar al mismo tiempo, ya cuentas con los siguientes documentos:<\/p>\n<p><strong>-Certificado de Terminaci\u00f3n de Estudios<\/strong><\/p>\n<p><b>-T\u00edtulo de Profesional T\u00e9cnico Bachiller y\/o T\u00edtulo de Profesional T\u00e9cnico<\/b><\/p>\n<p><strong>-C\u00e9dula Profesional<\/strong><\/p>\n<p><strong>-Certificado en Competencias Laborales<\/strong><\/p>\n<p>[su_box title=\u00bbREQUISITOS PARA OBTENER TU FICHA\u00bb style=\u00bbdefault\u00bb box_color=\u00bb#F73F43&#8243; title_color=\u00bb#FFFFFF\u00bb radius=\u00bb0&#8243;]<\/p>\n<ul>\n<li>Clave \u00danica de registro de Poblaci\u00f3n (CURP)<\/li>\n<li>Acta de nacimiento reciente (original y 2 copias)<\/li>\n<li>Certificado de secundaria o constancia de estar estudiando el 3er grado de secundaria\u00a0 (original y 2 copias) Nota: Con CCT (Clave del Centro de Trabajo)<\/li>\n<li>Dos fotograf\u00edas tama\u00f1o infantil, de frente a color o blanco y negro (puede ser instant\u00e1nea)<\/li>\n<li>Comprobante de domicilio<\/li>\n<li>Formato de Asignaci\u00f3n de n\u00famero de seguro social (NNS)<\/li>\n<li>Costo por <strong>Ficha $250<\/strong><\/li>\n<\/ul>\n<p>[\/su_box]<\/p>\n<p style=\"text-align: center;\"><strong>Deseas Comunicarte por Facebook<\/strong><\/p>\n<p><a href=\"https:\/\/www.facebook.com\/FresnilloConalep\/\" target=\"_blank\" rel=\"noopener\"><img loading=\"lazy\" decoding=\"async\" class=\"wp-image-851 aligncenter\" src=\"http:\/\/www.conalepfresnillo.edu.mx\/clone\/wp-content\/uploads\/2021\/08\/facebook-logo-2.png\" alt=\"\" width=\"123\" height=\"123\" \/><\/a><\/p>\n<p>&nbsp;<\/p>\n","protected":false},"excerpt":{"rendered":"<p>[su_list icon=\u00bbicon: check\u00bb icon_color=\u00bb#37ff6d\u00bb] CARRERAS Profesional T\u00e9cnico Bachiller en Autotr\u00f3nica Profesional T\u00e9cnico Bachiller en\u00a0Contabilidad Profesional T\u00e9cnico Bachiller en Electromec\u00e1nica Industrial Profesional T\u00e9cnico Bachiller en Motores a Diesel [\/su_list] Al terminar, puedes estudiar y trabajar al mismo tiempo, ya cuentas con los siguientes documentos: -Certificado de Terminaci\u00f3n de Estudios -T\u00edtulo de Profesional T\u00e9cnico Bachiller y\/o T\u00edtulo [&hellip;]<\/p>\n","protected":false},"author":1,"featured_media":148,"parent":0,"menu_order":0,"comment_status":"closed","ping_status":"closed","template":"","meta":{"_et_pb_use_builder":"","_et_pb_old_content":"","_et_gb_content_width":"","footnotes":""},"class_list":["post-803","page","type-page","status-publish","has-post-thumbnail","hentry"],"_links":{"self":[{"href":"https:\/\/www.conalepfresnillo.edu.mx\/clone\/wp-json\/wp\/v2\/pages\/803","targetHints":{"allow":["GET"]}}],"collection":[{"href":"https:\/\/www.conalepfresnillo.edu.mx\/clone\/wp-json\/wp\/v2\/pages"}],"about":[{"href":"https:\/\/www.conalepfresnillo.edu.mx\/clone\/wp-json\/wp\/v2\/types\/page"}],"author":[{"embeddable":true,"href":"https:\/\/www.conalepfresnillo.edu.mx\/clone\/wp-json\/wp\/v2\/users\/1"}],"replies":[{"embeddable":true,"href":"https:\/\/www.conalepfresnillo.edu.mx\/clone\/wp-json\/wp\/v2\/comments?post=803"}],"version-history":[{"count":13,"href":"https:\/\/www.conalepfresnillo.edu.mx\/clone\/wp-json\/wp\/v2\/pages\/803\/revisions"}],"predecessor-version":[{"id":807,"href":"https:\/\/www.conalepfresnillo.edu.mx\/clone\/wp-json\/wp\/v2\/pages\/803\/revisions\/807"}],"wp:featuredmedia":[{"embeddable":true,"href":"https:\/\/www.conalepfresnillo.edu.mx\/clone\/wp-json\/wp\/v2\/media\/148"}],"wp:attachment":[{"href":"https:\/\/www.conalepfresnillo.edu.mx\/clone\/wp-json\/wp\/v2\/media?parent=803"}],"curies":[{"name":"wp","href":"https:\/\/api.w.org\/{rel}","templated":true}]}}